{"id":2,"date":"2016-05-10T03:48:21","date_gmt":"2016-05-10T03:48:21","guid":{"rendered":"https:\/\/intimaexpress.com.br\/?page_id=2"},"modified":"2024-12-17T00:41:26","modified_gmt":"2024-12-17T00:41:26","slug":"sample-page","status":"publish","type":"page","link":"https:\/\/intimaexpress.com.br\/","title":{"rendered":"Intima Express"},"content":{"rendered":"\t\t<div data-elementor-type=\"wp-page\" data-elementor-id=\"2\" class=\"elementor elementor-2\">\n\t\t\t\t<div class=\"elementor-element elementor-element-aa0f3b3 e-flex e-con-boxed e-con e-parent\" data-id=\"aa0f3b3\" data-element_type=\"container\" data-settings=\"{&quot;background_background&quot;:&quot;gradient&quot;}\">\n\t\t\t\t\t<div class=\"e-con-inner\">\n\t\t\t\t<div class=\"elementor-element elementor-element-9f5e771 elementor-absolute elementor-widget elementor-widget-image\" data-id=\"9f5e771\" data-element_type=\"widget\" data-settings=\"{&quot;_position&quot;:&quot;absolute&quot;}\" data-widget_type=\"image.default\">\n\t\t\t\t<div class=\"elementor-widget-container\">\n\t\t\t\t\t\t\t\t\t\t\t\t\t<img fetchpriority=\"high\" decoding=\"async\" width=\"782\" height=\"656\" src=\"https:\/\/intimaexpress.com.br\/wp-content\/uploads\/2024\/12\/img6787432058-1.png\" class=\"attachment-large size-large wp-image-51\" alt=\"\" srcset=\"https:\/\/intimaexpress.com.br\/wp-content\/uploads\/2024\/12\/img6787432058-1.png 782w, https:\/\/intimaexpress.com.br\/wp-content\/uploads\/2024\/12\/img6787432058-1-300x252.png 300w, https:\/\/intimaexpress.com.br\/wp-content\/uploads\/2024\/12\/img6787432058-1-768x644.png 768w\" sizes=\"(max-width: 782px) 100vw, 782px\" \/>\t\t\t\t\t\t\t\t\t\t\t\t\t<\/div>\n\t\t\t\t<\/div>\n\t\t<div class=\"elementor-element elementor-element-e2b3a3e e-con-full e-flex e-con e-child\" data-id=\"e2b3a3e\" data-element_type=\"container\">\n\t\t<div class=\"elementor-element elementor-element-fc7231b e-grid e-con-full e-con e-child\" data-id=\"fc7231b\" data-element_type=\"container\">\n\t\t\t\t<div class=\"elementor-element elementor-element-b268589 elementor-widget elementor-widget-heading\" data-id=\"b268589\" data-element_type=\"widget\" data-widget_type=\"heading.default\">\n\t\t\t\t<div class=\"elementor-widget-container\">\n\t\t\t<h1 class=\"elementor-heading-title elementor-size-default\">Especialista<br>na entrega de<br>intima\u00e7\u00f5es de<br>protesto<\/h1>\t\t<\/div>\n\t\t\t\t<\/div>\n\t\t\t\t<div class=\"elementor-element elementor-element-cc490c2 elementor-widget elementor-widget-button\" data-id=\"cc490c2\" data-element_type=\"widget\" data-widget_type=\"button.default\">\n\t\t\t\t<div class=\"elementor-widget-container\">\n\t\t\t\t\t\t\t<div class=\"elementor-button-wrapper\">\n\t\t\t\t\t<a class=\"elementor-button elementor-button-link elementor-size-sm\" href=\"#contato\">\n\t\t\t\t\t\t<span class=\"elementor-button-content-wrapper\">\n\t\t\t\t\t\t\t\t\t<span class=\"elementor-button-text\">Fale conosco<\/span>\n\t\t\t\t\t<\/span>\n\t\t\t\t\t<\/a>\n\t\t\t\t<\/div>\n\t\t\t\t\t\t<\/div>\n\t\t\t\t<\/div>\n\t\t\t\t<\/div>\n\t\t\t\t<\/div>\n\t\t\t\t\t<\/div>\n\t\t\t\t<\/div>\n\t\t<div class=\"elementor-element elementor-element-b373cc2 e-flex e-con-boxed e-con e-parent\" data-id=\"b373cc2\" data-element_type=\"container\" id=\"servicos\" data-settings=\"{&quot;background_background&quot;:&quot;classic&quot;}\">\n\t\t\t\t\t<div class=\"e-con-inner\">\n\t\t\t\t<div class=\"elementor-element elementor-element-7e4afa3 elementor-widget elementor-widget-heading\" data-id=\"7e4afa3\" data-element_type=\"widget\" data-widget_type=\"heading.default\">\n\t\t\t\t<div class=\"elementor-widget-container\">\n\t\t\t<h1 class=\"elementor-heading-title elementor-size-default\">SERVI\u00c7OS<\/h1>\t\t<\/div>\n\t\t\t\t<\/div>\n\t\t\t\t<div class=\"elementor-element elementor-element-50c5977 elementor-widget elementor-widget-heading\" data-id=\"50c5977\" data-element_type=\"widget\" data-widget_type=\"heading.default\">\n\t\t\t\t<div class=\"elementor-widget-container\">\n\t\t\t<h2 class=\"elementor-heading-title elementor-size-default\">Solu\u00e7\u00f5es ideais para as necessidades do seu cart\u00f3rio.<\/h2>\t\t<\/div>\n\t\t\t\t<\/div>\n\t\t<div class=\"elementor-element elementor-element-81480ef e-grid e-con-full e-con e-child\" data-id=\"81480ef\" data-element_type=\"container\">\n\t\t\t\t<div class=\"elementor-element elementor-element-0f63f92 elementor-widget__width-initial elementor-position-top elementor-widget elementor-widget-image-box\" data-id=\"0f63f92\" data-element_type=\"widget\" data-widget_type=\"image-box.default\">\n\t\t\t\t<div class=\"elementor-widget-container\">\n\t\t\t<div class=\"elementor-image-box-wrapper\"><figure class=\"elementor-image-box-img\"><img decoding=\"async\" width=\"250\" height=\"348\" src=\"https:\/\/intimaexpress.com.br\/wp-content\/uploads\/2024\/12\/img131964972.png\" class=\"attachment-full size-full wp-image-54\" alt=\"\" srcset=\"https:\/\/intimaexpress.com.br\/wp-content\/uploads\/2024\/12\/img131964972.png 250w, https:\/\/intimaexpress.com.br\/wp-content\/uploads\/2024\/12\/img131964972-216x300.png 216w\" sizes=\"(max-width: 250px) 100vw, 250px\" \/><\/figure><div class=\"elementor-image-box-content\"><h3 class=\"elementor-image-box-title\">Controle de<br>Qualidade<\/h3><\/div><\/div>\t\t<\/div>\n\t\t\t\t<\/div>\n\t\t\t\t<div class=\"elementor-element elementor-element-cc26eb8 elementor-widget__width-initial elementor-position-top elementor-widget elementor-widget-image-box\" data-id=\"cc26eb8\" data-element_type=\"widget\" data-widget_type=\"image-box.default\">\n\t\t\t\t<div class=\"elementor-widget-container\">\n\t\t\t<div class=\"elementor-image-box-wrapper\"><figure class=\"elementor-image-box-img\"><img decoding=\"async\" width=\"278\" height=\"282\" src=\"https:\/\/intimaexpress.com.br\/wp-content\/uploads\/2024\/12\/img1635746412.png\" class=\"attachment-full size-full wp-image-53\" alt=\"\" \/><\/figure><div class=\"elementor-image-box-content\"><h3 class=\"elementor-image-box-title\">Coleta das<br>Intima\u00e7\u00f5es de<br>Protesto<\/h3><\/div><\/div>\t\t<\/div>\n\t\t\t\t<\/div>\n\t\t\t\t<div class=\"elementor-element elementor-element-8257a6e elementor-widget__width-initial elementor-position-top elementor-widget elementor-widget-image-box\" data-id=\"8257a6e\" data-element_type=\"widget\" data-widget_type=\"image-box.default\">\n\t\t\t\t<div class=\"elementor-widget-container\">\n\t\t\t<div class=\"elementor-image-box-wrapper\"><figure class=\"elementor-image-box-img\"><img loading=\"lazy\" decoding=\"async\" width=\"314\" height=\"314\" src=\"https:\/\/intimaexpress.com.br\/wp-content\/uploads\/2024\/12\/img392908885.png\" class=\"attachment-full size-full wp-image-56\" alt=\"\" srcset=\"https:\/\/intimaexpress.com.br\/wp-content\/uploads\/2024\/12\/img392908885.png 314w, https:\/\/intimaexpress.com.br\/wp-content\/uploads\/2024\/12\/img392908885-300x300.png 300w, https:\/\/intimaexpress.com.br\/wp-content\/uploads\/2024\/12\/img392908885-150x150.png 150w\" sizes=\"(max-width: 314px) 100vw, 314px\" \/><\/figure><div class=\"elementor-image-box-content\"><h3 class=\"elementor-image-box-title\">Monitoramento<br>da Entrega<\/h3><\/div><\/div>\t\t<\/div>\n\t\t\t\t<\/div>\n\t\t\t\t<\/div>\n\t\t\t\t\t<\/div>\n\t\t\t\t<\/div>\n\t\t<div class=\"elementor-element elementor-element-963c3d6 e-flex e-con-boxed e-con e-parent\" data-id=\"963c3d6\" data-element_type=\"container\" data-settings=\"{&quot;background_background&quot;:&quot;classic&quot;}\">\n\t\t\t\t\t<div class=\"e-con-inner\">\n\t\t<div class=\"elementor-element elementor-element-4d7c3c1 e-grid e-con-full e-con e-child\" data-id=\"4d7c3c1\" data-element_type=\"container\">\n\t\t<div class=\"elementor-element elementor-element-1a85fd0 e-grid e-con-full e-con e-child\" data-id=\"1a85fd0\" data-element_type=\"container\">\n\t\t\t\t<div class=\"elementor-element elementor-element-1b0f62b elementor-widget elementor-widget-heading\" data-id=\"1b0f62b\" data-element_type=\"widget\" data-widget_type=\"heading.default\">\n\t\t\t\t<div class=\"elementor-widget-container\">\n\t\t\t<h2 class=\"elementor-heading-title elementor-size-default\">Poder\u00edamos ser<br>at\u00e9 uma equipe<br>de corrida.<\/h2>\t\t<\/div>\n\t\t\t\t<\/div>\n\t\t\t\t<div class=\"elementor-element elementor-element-e528f86 elementor-widget__width-initial elementor-widget-mobile__width-inherit elementor-widget elementor-widget-heading\" data-id=\"e528f86\" data-element_type=\"widget\" data-widget_type=\"heading.default\">\n\t\t\t\t<div class=\"elementor-widget-container\">\n\t\t\t<h2 class=\"elementor-heading-title elementor-size-default\"><strong>Precis\u00e3o, aten\u00e7\u00e3o<br>e compromisso<\/strong><br>na sua entrega<\/h2>\t\t<\/div>\n\t\t\t\t<\/div>\n\t\t\t\t<div class=\"elementor-element elementor-element-64e4bc2 elementor-mobile-align-center elementor-widget elementor-widget-button\" data-id=\"64e4bc2\" data-element_type=\"widget\" data-widget_type=\"button.default\">\n\t\t\t\t<div class=\"elementor-widget-container\">\n\t\t\t\t\t\t\t<div class=\"elementor-button-wrapper\">\n\t\t\t\t\t<a class=\"elementor-button elementor-button-link elementor-size-sm\" href=\"#contato\">\n\t\t\t\t\t\t<span class=\"elementor-button-content-wrapper\">\n\t\t\t\t\t\t\t\t\t<span class=\"elementor-button-text\">Fale conosco<\/span>\n\t\t\t\t\t<\/span>\n\t\t\t\t\t<\/a>\n\t\t\t\t<\/div>\n\t\t\t\t\t\t<\/div>\n\t\t\t\t<\/div>\n\t\t\t\t<\/div>\n\t\t\t\t<div class=\"elementor-element elementor-element-868109a elementor-widget elementor-widget-image\" data-id=\"868109a\" data-element_type=\"widget\" data-widget_type=\"image.default\">\n\t\t\t\t<div class=\"elementor-widget-container\">\n\t\t\t\t\t\t\t\t\t\t\t\t\t<img loading=\"lazy\" decoding=\"async\" width=\"520\" height=\"927\" src=\"https:\/\/intimaexpress.com.br\/wp-content\/uploads\/2024\/12\/img9939222.png\" class=\"attachment-large size-large wp-image-62\" alt=\"\" srcset=\"https:\/\/intimaexpress.com.br\/wp-content\/uploads\/2024\/12\/img9939222.png 520w, https:\/\/intimaexpress.com.br\/wp-content\/uploads\/2024\/12\/img9939222-168x300.png 168w\" sizes=\"(max-width: 520px) 100vw, 520px\" \/>\t\t\t\t\t\t\t\t\t\t\t\t\t<\/div>\n\t\t\t\t<\/div>\n\t\t\t\t<\/div>\n\t\t\t\t\t<\/div>\n\t\t\t\t<\/div>\n\t\t<div class=\"elementor-element elementor-element-0a21c89 e-flex e-con-boxed e-con e-parent\" data-id=\"0a21c89\" data-element_type=\"container\" data-settings=\"{&quot;background_background&quot;:&quot;classic&quot;}\">\n\t\t\t\t\t<div class=\"e-con-inner\">\n\t\t<div class=\"elementor-element elementor-element-4dc5156 e-con-full e-flex e-con e-child\" data-id=\"4dc5156\" data-element_type=\"container\">\n\t\t\t\t<div class=\"elementor-element elementor-element-c28fd23 elementor-widget elementor-widget-heading\" data-id=\"c28fd23\" data-element_type=\"widget\" data-widget_type=\"heading.default\">\n\t\t\t\t<div class=\"elementor-widget-container\">\n\t\t\t<h2 class=\"elementor-heading-title elementor-size-default\">ENTREGAS<br><strong>MONITORADAS<\/strong><\/h2>\t\t<\/div>\n\t\t\t\t<\/div>\n\t\t\t\t<div class=\"elementor-element elementor-element-730770f elementor-widget elementor-widget-text-editor\" data-id=\"730770f\" data-element_type=\"widget\" data-widget_type=\"text-editor.default\">\n\t\t\t\t<div class=\"elementor-widget-container\">\n\t\t\t\t\t\t\t<p>Realizamos o monitoramento di\u00e1rio do processo de entrega das intima\u00e7\u00f5es de protesto, assegurando o cumprimento do itiner\u00e1rio programado pelos intimadores. Mantemos comunica\u00e7\u00e3o direta e implementamos ajustes operacionais para garantir precis\u00e3o e efici\u00eancia log\u00edstica.<\/p>\t\t\t\t\t\t<\/div>\n\t\t\t\t<\/div>\n\t\t\t\t<\/div>\n\t\t\t\t<div class=\"elementor-element elementor-element-11299e8 elementor-widget__width-initial elementor-widget elementor-widget-image\" data-id=\"11299e8\" data-element_type=\"widget\" data-widget_type=\"image.default\">\n\t\t\t\t<div class=\"elementor-widget-container\">\n\t\t\t\t\t\t\t\t\t\t\t\t\t<img loading=\"lazy\" decoding=\"async\" width=\"800\" height=\"765\" src=\"https:\/\/intimaexpress.com.br\/wp-content\/uploads\/2024\/12\/img16487444.png\" class=\"attachment-large size-large wp-image-64\" alt=\"\" srcset=\"https:\/\/intimaexpress.com.br\/wp-content\/uploads\/2024\/12\/img16487444.png 1017w, https:\/\/intimaexpress.com.br\/wp-content\/uploads\/2024\/12\/img16487444-300x287.png 300w, https:\/\/intimaexpress.com.br\/wp-content\/uploads\/2024\/12\/img16487444-768x735.png 768w\" sizes=\"(max-width: 800px) 100vw, 800px\" \/>\t\t\t\t\t\t\t\t\t\t\t\t\t<\/div>\n\t\t\t\t<\/div>\n\t\t\t\t\t<\/div>\n\t\t\t\t<\/div>\n\t\t<div class=\"elementor-element elementor-element-a435cd1 e-flex e-con-boxed e-con e-parent\" data-id=\"a435cd1\" data-element_type=\"container\" data-settings=\"{&quot;background_background&quot;:&quot;classic&quot;}\">\n\t\t\t\t\t<div class=\"e-con-inner\">\n\t\t\t\t<div class=\"elementor-element elementor-element-6d43a11 elementor-widget__width-initial elementor-widget elementor-widget-image\" data-id=\"6d43a11\" data-element_type=\"widget\" data-widget_type=\"image.default\">\n\t\t\t\t<div class=\"elementor-widget-container\">\n\t\t\t\t\t\t\t\t\t\t\t\t\t<img loading=\"lazy\" decoding=\"async\" width=\"758\" height=\"990\" src=\"https:\/\/intimaexpress.com.br\/wp-content\/uploads\/2024\/12\/img123875.png\" class=\"attachment-large size-large wp-image-71\" alt=\"\" srcset=\"https:\/\/intimaexpress.com.br\/wp-content\/uploads\/2024\/12\/img123875.png 758w, https:\/\/intimaexpress.com.br\/wp-content\/uploads\/2024\/12\/img123875-230x300.png 230w\" sizes=\"(max-width: 758px) 100vw, 758px\" \/>\t\t\t\t\t\t\t\t\t\t\t\t\t<\/div>\n\t\t\t\t<\/div>\n\t\t<div class=\"elementor-element elementor-element-1136427 e-con-full e-flex e-con e-child\" data-id=\"1136427\" data-element_type=\"container\">\n\t\t\t\t<div class=\"elementor-element elementor-element-8bf6abe elementor-widget elementor-widget-heading\" data-id=\"8bf6abe\" data-element_type=\"widget\" data-widget_type=\"heading.default\">\n\t\t\t\t<div class=\"elementor-widget-container\">\n\t\t\t<h2 class=\"elementor-heading-title elementor-size-default\">SUA ENTREGA<br>COM <strong>SEGURAN\u00c7A<\/strong><\/h2>\t\t<\/div>\n\t\t\t\t<\/div>\n\t\t\t\t<div class=\"elementor-element elementor-element-2c081d6 elementor-widget elementor-widget-text-editor\" data-id=\"2c081d6\" data-element_type=\"widget\" data-widget_type=\"text-editor.default\">\n\t\t\t\t<div class=\"elementor-widget-container\">\n\t\t\t\t\t\t\t<p>Retemos diariamente protocolos recentes para avalia\u00e7\u00e3o da qualidade de entrega dos intimadores, assegurando conformidade jur\u00eddica e informa\u00e7\u00f5es objetivas, o que otimiza a precis\u00e3o e a efic\u00e1cia na devolu\u00e7\u00e3o das intima\u00e7\u00f5es.<\/p>\t\t\t\t\t\t<\/div>\n\t\t\t\t<\/div>\n\t\t\t\t<\/div>\n\t\t\t\t\t<\/div>\n\t\t\t\t<\/div>\n\t\t<div class=\"elementor-element elementor-element-6a28058 e-flex e-con-boxed e-con e-parent\" data-id=\"6a28058\" data-element_type=\"container\" data-settings=\"{&quot;background_background&quot;:&quot;classic&quot;}\">\n\t\t\t\t\t<div class=\"e-con-inner\">\n\t\t<div class=\"elementor-element elementor-element-03838dd e-con-full e-flex e-con e-child\" data-id=\"03838dd\" data-element_type=\"container\">\n\t\t\t\t<div class=\"elementor-element elementor-element-0ac61fa elementor-widget elementor-widget-heading\" data-id=\"0ac61fa\" data-element_type=\"widget\" data-widget_type=\"heading.default\">\n\t\t\t\t<div class=\"elementor-widget-container\">\n\t\t\t<h2 class=\"elementor-heading-title elementor-size-default\">15<\/h2>\t\t<\/div>\n\t\t\t\t<\/div>\n\t\t\t\t<div class=\"elementor-element elementor-element-32d096e elementor-widget elementor-widget-heading\" data-id=\"32d096e\" data-element_type=\"widget\" data-widget_type=\"heading.default\">\n\t\t\t\t<div class=\"elementor-widget-container\">\n\t\t\t<h2 class=\"elementor-heading-title elementor-size-default\">ANOS DE<br>\nEXPERI\u00caNCIA<\/h2>\t\t<\/div>\n\t\t\t\t<\/div>\n\t\t\t\t<\/div>\n\t\t<div class=\"elementor-element elementor-element-58b6b4f e-con-full e-flex e-con e-child\" data-id=\"58b6b4f\" data-element_type=\"container\">\n\t\t\t\t<div class=\"elementor-element elementor-element-aa9dfdc elementor-widget elementor-widget-image\" data-id=\"aa9dfdc\" data-element_type=\"widget\" data-widget_type=\"image.default\">\n\t\t\t\t<div class=\"elementor-widget-container\">\n\t\t\t\t\t\t\t\t\t\t\t\t\t<img loading=\"lazy\" decoding=\"async\" width=\"297\" height=\"295\" src=\"https:\/\/intimaexpress.com.br\/wp-content\/uploads\/2024\/12\/img9994333.png\" class=\"attachment-large size-large wp-image-76\" alt=\"\" srcset=\"https:\/\/intimaexpress.com.br\/wp-content\/uploads\/2024\/12\/img9994333.png 297w, https:\/\/intimaexpress.com.br\/wp-content\/uploads\/2024\/12\/img9994333-150x150.png 150w\" sizes=\"(max-width: 297px) 100vw, 297px\" \/>\t\t\t\t\t\t\t\t\t\t\t\t\t<\/div>\n\t\t\t\t<\/div>\n\t\t\t\t<div class=\"elementor-element elementor-element-c4de659 elementor-widget elementor-widget-image\" data-id=\"c4de659\" data-element_type=\"widget\" data-widget_type=\"image.default\">\n\t\t\t\t<div class=\"elementor-widget-container\">\n\t\t\t\t\t\t\t\t\t\t\t\t\t<img loading=\"lazy\" decoding=\"async\" width=\"384\" height=\"428\" src=\"https:\/\/intimaexpress.com.br\/wp-content\/uploads\/2024\/12\/img1234335.png\" class=\"attachment-large size-large wp-image-74\" alt=\"\" srcset=\"https:\/\/intimaexpress.com.br\/wp-content\/uploads\/2024\/12\/img1234335.png 384w, https:\/\/intimaexpress.com.br\/wp-content\/uploads\/2024\/12\/img1234335-269x300.png 269w\" sizes=\"(max-width: 384px) 100vw, 384px\" \/>\t\t\t\t\t\t\t\t\t\t\t\t\t<\/div>\n\t\t\t\t<\/div>\n\t\t\t\t<div class=\"elementor-element elementor-element-6894bad elementor-widget elementor-widget-image\" data-id=\"6894bad\" data-element_type=\"widget\" data-widget_type=\"image.default\">\n\t\t\t\t<div class=\"elementor-widget-container\">\n\t\t\t\t\t\t\t\t\t\t\t\t\t<img loading=\"lazy\" decoding=\"async\" width=\"294\" height=\"295\" src=\"https:\/\/intimaexpress.com.br\/wp-content\/uploads\/2024\/12\/img4399472.png\" class=\"attachment-large size-large wp-image-75\" alt=\"\" srcset=\"https:\/\/intimaexpress.com.br\/wp-content\/uploads\/2024\/12\/img4399472.png 294w, https:\/\/intimaexpress.com.br\/wp-content\/uploads\/2024\/12\/img4399472-150x150.png 150w\" sizes=\"(max-width: 294px) 100vw, 294px\" \/>\t\t\t\t\t\t\t\t\t\t\t\t\t<\/div>\n\t\t\t\t<\/div>\n\t\t\t\t<\/div>\n\t\t\t\t\t<\/div>\n\t\t\t\t<\/div>\n\t\t<div class=\"elementor-element elementor-element-0d5f706 e-flex e-con-boxed e-con e-parent\" data-id=\"0d5f706\" data-element_type=\"container\" id=\"quem-somos\" data-settings=\"{&quot;background_background&quot;:&quot;classic&quot;}\">\n\t\t\t\t\t<div class=\"e-con-inner\">\n\t\t\t\t<div class=\"elementor-element elementor-element-a4fed58 elementor-widget elementor-widget-heading\" data-id=\"a4fed58\" data-element_type=\"widget\" data-widget_type=\"heading.default\">\n\t\t\t\t<div class=\"elementor-widget-container\">\n\t\t\t<h2 class=\"elementor-heading-title elementor-size-default\">Quem somos<\/h2>\t\t<\/div>\n\t\t\t\t<\/div>\n\t\t\t\t<div class=\"elementor-element elementor-element-d013f6a elementor-widget elementor-widget-text-editor\" data-id=\"d013f6a\" data-element_type=\"widget\" data-widget_type=\"text-editor.default\">\n\t\t\t\t<div class=\"elementor-widget-container\">\n\t\t\t\t\t\t\tA Intima Express \u00e9 uma empresa especializada em entregas de intima\u00e7\u00f5es de protesto, utilizamos tecnologia especializada para otimizar nossos processos e garantir a entrega \u00e1gil e segura de intima\u00e7\u00f5es.\n<br><br>Nossa equipe, composta por profissionais altamente qualificados, \u00e9 treinada para oferecer um servi\u00e7o preciso e dentro dos altos padr\u00f5es de qualidade. Na Intima Express, estamos comprometidos com a excel\u00eancia e a satisfa\u00e7\u00e3o de nossos clientes.\t\t\t\t\t\t<\/div>\n\t\t\t\t<\/div>\n\t\t\t\t\t<\/div>\n\t\t\t\t<\/div>\n\t\t<div class=\"elementor-element elementor-element-618c9bc e-flex e-con-boxed e-con e-parent\" data-id=\"618c9bc\" data-element_type=\"container\" data-settings=\"{&quot;background_background&quot;:&quot;classic&quot;}\">\n\t\t\t\t\t<div class=\"e-con-inner\">\n\t\t\t\t<div class=\"elementor-element elementor-element-5d158ac elementor-widget elementor-widget-heading\" data-id=\"5d158ac\" data-element_type=\"widget\" data-widget_type=\"heading.default\">\n\t\t\t\t<div class=\"elementor-widget-container\">\n\t\t\t<h4 class=\"elementor-heading-title elementor-size-default\">O QUE NOS DESTACA<\/h4>\t\t<\/div>\n\t\t\t\t<\/div>\n\t\t\t\t<div class=\"elementor-element elementor-element-599c48c elementor-widget elementor-widget-text-editor\" data-id=\"599c48c\" data-element_type=\"widget\" data-widget_type=\"text-editor.default\">\n\t\t\t\t<div class=\"elementor-widget-container\">\n\t\t\t\t\t\t\t<ul><li>Integra\u00e7\u00e3o com sistemas de tecnologia utilizados pelos principais Cart\u00f3rios de S\u00e3o Paulo;<\/li><li>Pesquisas em bancos de dados;<\/li><li>Monitoramento di\u00e1rio de performance de entregadores;<\/li><li>Devolu\u00e7\u00e3o de intima\u00e7\u00e3o em ordem de data e protocolo;<\/li><li>Baixa e digitaliza\u00e7\u00e3o via sistema log\u00edstico pr\u00f3prio;<\/li><li>Estrutura de impress\u00e3o e envelopamento dispon\u00edvel para os Cart\u00f3rios;<\/li><li>Compromisso com a Privacidade e Prote\u00e7\u00e3o de Dados Pessoais (Lei Geral de Prote\u00e7\u00e3o de Dados).<\/li><\/ul>\t\t\t\t\t\t<\/div>\n\t\t\t\t<\/div>\n\t\t\t\t\t<\/div>\n\t\t\t\t<\/div>\n\t\t\t\t<\/div>\n\t\t","protected":false},"excerpt":{"rendered":"<p>Especialistana entrega deintima\u00e7\u00f5es deprotesto Fale conosco SERVI\u00c7OS Solu\u00e7\u00f5es ideais para as necessidades do seu cart\u00f3rio. Controle deQualidade Coleta dasIntima\u00e7\u00f5es deProtesto Monitoramentoda Entrega Poder\u00edamos serat\u00e9 uma equipede corrida. Precis\u00e3o, aten\u00e7\u00e3oe compromissona sua entrega Fale conosco ENTREGASMONITORADAS Realizamos o monitoramento di\u00e1rio do processo de entrega das intima\u00e7\u00f5es de protesto, assegurando o cumprimento do itiner\u00e1rio programado pelos intimadores. [&hellip;]<\/p>\n","protected":false},"author":1,"featured_media":0,"parent":0,"menu_order":0,"comment_status":"closed","ping_status":"open","template":"","meta":{"footnotes":""},"_links":{"self":[{"href":"https:\/\/intimaexpress.com.br\/index.php?rest_route=\/wp\/v2\/pages\/2"}],"collection":[{"href":"https:\/\/intimaexpress.com.br\/index.php?rest_route=\/wp\/v2\/pages"}],"about":[{"href":"https:\/\/intimaexpress.com.br\/index.php?rest_route=\/wp\/v2\/types\/page"}],"author":[{"embeddable":true,"href":"https:\/\/intimaexpress.com.br\/index.php?rest_route=\/wp\/v2\/users\/1"}],"replies":[{"embeddable":true,"href":"https:\/\/intimaexpress.com.br\/index.php?rest_route=%2Fwp%2Fv2%2Fcomments&post=2"}],"version-history":[{"count":37,"href":"https:\/\/intimaexpress.com.br\/index.php?rest_route=\/wp\/v2\/pages\/2\/revisions"}],"predecessor-version":[{"id":120,"href":"https:\/\/intimaexpress.com.br\/index.php?rest_route=\/wp\/v2\/pages\/2\/revisions\/120"}],"wp:attachment":[{"href":"https:\/\/intimaexpress.com.br\/index.php?rest_route=%2Fwp%2Fv2%2Fmedia&parent=2"}],"curies":[{"name":"wp","href":"https:\/\/api.w.org\/{rel}","templated":true}]}}